{"id":29,"date":"2026-02-18T14:22:17","date_gmt":"2026-02-18T13:22:17","guid":{"rendered":"https:\/\/psutw.piekary.pl\/?page_id=29"},"modified":"2026-02-18T14:22:42","modified_gmt":"2026-02-18T13:22:42","slug":"kontakt","status":"publish","type":"page","link":"https:\/\/psutw.piekary.pl\/index.php\/kontakt\/","title":{"rendered":"Kontakt"},"content":{"rendered":"\n<p>Adres: Franciszka \u017bwirki 23, 41-940 Piekary \u015al\u0105skie<\/p>\n\n\n\n<p>Telefon: 693 214 063<\/p>\n\n\n\n<p>Mail: pieksutw@gmail.com<\/p>\n\n\n\n<iframe src=\"https:\/\/www.google.com\/maps\/embed?pb=!1m18!1m12!1m3!1d2544.5706672870942!2d18.9446556!3d50.374559600000005!2m3!1f0!2f0!3f0!3m2!1i1024!2i768!4f13.1!3m3!1m2!1s0x4716d359a19abad7%3A0x677f499b96cf692c!2sCentrum%20Us%C5%82ug%20Spo%C5%82ecznych!5e0!3m2!1spl!2spl!4v1706388222045!5m2!1spl!2spl\" width=\"100%\" height=\"450\" style=\"border:0;\" allowfullscreen=\"\" loading=\"lazy\" referrerpolicy=\"no-referrer-when-downgrade\"><\/iframe>\n\n\n","protected":false},"excerpt":{"rendered":"<p>Adres: Franciszka \u017bwirki 23, 41-940 Piekary \u015al\u0105skie Telefon: 693 214 063 Mail: pieksutw@gmail.com<\/p>\n","protected":false},"author":1,"featured_media":0,"parent":0,"menu_order":0,"comment_status":"closed","ping_status":"closed","template":"","meta":{"footnotes":""},"class_list":["post-29","page","type-page","status-publish","hentry"],"_links":{"self":[{"href":"https:\/\/psutw.piekary.pl\/index.php\/wp-json\/wp\/v2\/pages\/29","targetHints":{"allow":["GET"]}}],"collection":[{"href":"https:\/\/psutw.piekary.pl\/index.php\/wp-json\/wp\/v2\/pages"}],"about":[{"href":"https:\/\/psutw.piekary.pl\/index.php\/wp-json\/wp\/v2\/types\/page"}],"author":[{"embeddable":true,"href":"https:\/\/psutw.piekary.pl\/index.php\/wp-json\/wp\/v2\/users\/1"}],"replies":[{"embeddable":true,"href":"https:\/\/psutw.piekary.pl\/index.php\/wp-json\/wp\/v2\/comments?post=29"}],"version-history":[{"count":2,"href":"https:\/\/psutw.piekary.pl\/index.php\/wp-json\/wp\/v2\/pages\/29\/revisions"}],"predecessor-version":[{"id":31,"href":"https:\/\/psutw.piekary.pl\/index.php\/wp-json\/wp\/v2\/pages\/29\/revisions\/31"}],"wp:attachment":[{"href":"https:\/\/psutw.piekary.pl\/index.php\/wp-json\/wp\/v2\/media?parent=29"}],"curies":[{"name":"wp","href":"https:\/\/api.w.org\/{rel}","templated":true}]}}